{"id":2375,"date":"2024-11-29T04:20:23","date_gmt":"2024-11-29T04:20:23","guid":{"rendered":"https:\/\/demo2wpopal.b-cdn.net\/diteck\/?page_id=2375"},"modified":"2025-11-11T17:27:52","modified_gmt":"2025-11-11T14:27:52","slug":"contact","status":"publish","type":"page","link":"https:\/\/yeniwebsite.com\/en\/contact\/","title":{"rendered":"Contact"},"content":{"rendered":"<div data-elementor-type=\"wp-page\" data-elementor-id=\"2375\" class=\"elementor elementor-2375\">\n\t\t\t\t<div class=\"elementor-element elementor-element-61c3124 e-flex e-con-boxed e-con e-parent\" data-id=\"61c3124\" data-element_type=\"container\">\n\t\t\t\t\t<div class=\"e-con-inner\">\n\t\t<div class=\"elementor-element elementor-element-3eaf500 e-con-full e-flex e-con e-child\" data-id=\"3eaf500\" data-element_type=\"container\">\n\t\t<div class=\"elementor-element elementor-element-7de3b5a e-con-full e-flex e-con e-child\" data-id=\"7de3b5a\" data-element_type=\"container\">\n\t\t\t\t<div class=\"elementor-element elementor-element-2c8fbe6 icon-list-style-diteck-yes animated-fast elementor-icon-list--layout-traditional elementor-list-item-link-full_width elementor-invisible elementor-widget elementor-widget-icon-list\" data-id=\"2c8fbe6\" data-element_type=\"widget\" data-settings=\"{&quot;_animation&quot;:&quot;opal-scale-up&quot;}\" data-widget_type=\"icon-list.default\">\n\t\t\t\t\t\t\t<ul class=\"elementor-icon-list-items\">\n\t\t\t\t\t\t\t<li class=\"elementor-icon-list-item\">\n\t\t\t\t\t\t\t\t\t\t\t<span class=\"elementor-icon-list-icon\">\n\t\t\t\t\t\t\t<i aria-hidden=\"true\" class=\"diteck-icon- diteck-icon-square-1\"><\/i>\t\t\t\t\t\t<\/span>\n\t\t\t\t\t\t\t\t\t\t<span class=\"elementor-icon-list-text\">Contact<\/span>\n\t\t\t\t\t\t\t\t\t<\/li>\n\t\t\t\t\t\t<\/ul>\n\t\t\t\t\t\t<\/div>\n\t\t\t\t<\/div>\n\t\t<div class=\"elementor-element elementor-element-3e39d8d e-con-full e-flex e-con e-child\" data-id=\"3e39d8d\" data-element_type=\"container\">\n\t\t<div class=\"elementor-element elementor-element-76d1bf7 e-grid e-con-full e-con e-child\" data-id=\"76d1bf7\" data-element_type=\"container\">\n\t\t\t\t<div class=\"elementor-element elementor-element-813b00f animated-fast elementor-invisible elementor-widget elementor-widget-image-box\" data-id=\"813b00f\" data-element_type=\"widget\" data-settings=\"{&quot;_animation&quot;:&quot;opal-move-up&quot;}\" data-widget_type=\"image-box.default\">\n\t\t\t\t\t<div class=\"elementor-image-box-wrapper\"><div class=\"elementor-image-box-content\"><h3 class=\"elementor-image-box-title\">Yeni Website<\/h3><\/div><\/div>\t\t\t\t<\/div>\n\t\t\t\t<div class=\"elementor-element elementor-element-c09ac04 elementor-icon-list--layout-traditional elementor-list-item-link-full_width elementor-widget elementor-widget-icon-list\" data-id=\"c09ac04\" data-element_type=\"widget\" data-widget_type=\"icon-list.default\">\n\t\t\t\t\t\t\t<ul class=\"elementor-icon-list-items\">\n\t\t\t\t\t\t\t<li class=\"elementor-icon-list-item\">\n\t\t\t\t\t\t\t\t\t\t\t<a href=\"https:\/\/maps.app.goo.gl\/ayasnBQ59oayJGsR9\" target=\"_blank\">\n\n\t\t\t\t\t\t\t\t\t\t\t\t<span class=\"elementor-icon-list-icon\">\n\t\t\t\t\t\t\t<i aria-hidden=\"true\" class=\"diteck-icon- diteck-icon-map-marker-check\"><\/i>\t\t\t\t\t\t<\/span>\n\t\t\t\t\t\t\t\t\t\t<span class=\"elementor-icon-list-text\">\u00dcniversite Mah. S\u0131hhiye Sok. No:7\/B Avc\u0131lar\/\u0130stanbul<\/span>\n\t\t\t\t\t\t\t\t\t\t\t<\/a>\n\t\t\t\t\t\t\t\t\t<\/li>\n\t\t\t\t\t\t\t\t<li class=\"elementor-icon-list-item\">\n\t\t\t\t\t\t\t\t\t\t\t<a href=\"tel:+905336936282\">\n\n\t\t\t\t\t\t\t\t\t\t\t\t<span class=\"elementor-icon-list-icon\">\n\t\t\t\t\t\t\t<i aria-hidden=\"true\" class=\"diteck-icon- diteck-icon-mobile-android-alt\"><\/i>\t\t\t\t\t\t<\/span>\n\t\t\t\t\t\t\t\t\t\t<span class=\"elementor-icon-list-text\">0 (533) 693 62 82<\/span>\n\t\t\t\t\t\t\t\t\t\t\t<\/a>\n\t\t\t\t\t\t\t\t\t<\/li>\n\t\t\t\t\t\t\t\t<li class=\"elementor-icon-list-item\">\n\t\t\t\t\t\t\t\t\t\t\t<a href=\"mailto:info@yeniwebsite.com\" target=\"_blank\">\n\n\t\t\t\t\t\t\t\t\t\t\t\t<span class=\"elementor-icon-list-icon\">\n\t\t\t\t\t\t\t<i aria-hidden=\"true\" class=\"diteck-icon- diteck-icon-envelope\"><\/i>\t\t\t\t\t\t<\/span>\n\t\t\t\t\t\t\t\t\t\t<span class=\"elementor-icon-list-text\">info@yeniwebsite.com<\/span>\n\t\t\t\t\t\t\t\t\t\t\t<\/a>\n\t\t\t\t\t\t\t\t\t<\/li>\n\t\t\t\t\t\t<\/ul>\n\t\t\t\t\t\t<\/div>\n\t\t\t\t<\/div>\n\t\t\t\t<\/div>\n\t\t\t\t<\/div>\n\t\t\t\t\t<\/div>\n\t\t\t\t<\/div>\n\t\t<div class=\"elementor-element elementor-element-34e1a6b e-con-full e-flex e-con e-parent\" data-id=\"34e1a6b\" data-element_type=\"container\">\n\t\t\t\t<div class=\"elementor-element elementor-element-d503039 elementor-widget elementor-widget-google_maps\" data-id=\"d503039\" data-element_type=\"widget\" data-widget_type=\"google_maps.default\">\n\t\t\t\t\t\t\t<div class=\"elementor-custom-embed\">\n\t\t\t<iframe loading=\"lazy\"\n\t\t\t\t\tsrc=\"https:\/\/maps.google.com\/maps?q=S%C4%B1hh%C4%B1ye%20Sk.%20No%3A7%20D%3Ab&#038;t=m&#038;z=15&#038;output=embed&#038;iwloc=near\"\n\t\t\t\t\ttitle=\"S\u0131hh\u0131ye Sk. No:7 D:b\"\n\t\t\t\t\taria-label=\"S\u0131hh\u0131ye Sk. No:7 D:b\"\n\t\t\t><\/iframe>\n\t\t<\/div>\n\t\t\t\t\t\t<\/div>\n\t\t\t\t<\/div>\n\t\t<div class=\"elementor-element elementor-element-6e87303 e-flex e-con-boxed e-con e-parent\" data-id=\"6e87303\" data-element_type=\"container\">\n\t\t\t\t\t<div class=\"e-con-inner\">\n\t\t<div class=\"elementor-element elementor-element-6fb9d2b e-con-full e-flex e-con e-child\" data-id=\"6fb9d2b\" data-element_type=\"container\">\n\t\t\t\t<div class=\"elementor-element elementor-element-1fb0c23 icon-list-style-diteck-yes animated-fast elementor-icon-list--layout-traditional elementor-list-item-link-full_width elementor-invisible elementor-widget elementor-widget-icon-list\" data-id=\"1fb0c23\" data-element_type=\"widget\" data-settings=\"{&quot;_animation&quot;:&quot;opal-scale-up&quot;}\" data-widget_type=\"icon-list.default\">\n\t\t\t\t\t\t\t<ul class=\"elementor-icon-list-items\">\n\t\t\t\t\t\t\t<li class=\"elementor-icon-list-item\">\n\t\t\t\t\t\t\t\t\t\t\t<span class=\"elementor-icon-list-icon\">\n\t\t\t\t\t\t\t<i aria-hidden=\"true\" class=\"diteck-icon- diteck-icon-square-1\"><\/i>\t\t\t\t\t\t<\/span>\n\t\t\t\t\t\t\t\t\t\t<span class=\"elementor-icon-list-text\">Contact Us<\/span>\n\t\t\t\t\t\t\t\t\t<\/li>\n\t\t\t\t\t\t<\/ul>\n\t\t\t\t\t\t<\/div>\n\t\t\t\t<\/div>\n\t\t<div class=\"elementor-element elementor-element-748a180 e-con-full e-flex e-con e-child\" data-id=\"748a180\" data-element_type=\"container\">\n\t\t\t\t<div class=\"elementor-element elementor-element-e27e911 elementor-widget__width-initial animated-fast elementor-invisible elementor-widget elementor-widget-heading\" data-id=\"e27e911\" data-element_type=\"widget\" data-settings=\"{&quot;_animation&quot;:&quot;opal-move-up&quot;}\" data-widget_type=\"heading.default\">\n\t\t\t\t\t<h2 class=\"elementor-heading-title elementor-size-default\">We are ready for your project,<br>you?<\/h2>\t\t\t\t<\/div>\n\t\t\t\t<\/div>\n\t\t<div class=\"elementor-element elementor-element-4c09fe3 e-con-full e-flex e-con e-child\" data-id=\"4c09fe3\" data-element_type=\"container\">\n\t\t\t\t<\/div>\n\t\t<div class=\"elementor-element elementor-element-b52aa8a e-con-full e-flex e-con e-child\" data-id=\"b52aa8a\" data-element_type=\"container\">\n\t\t\t\t<div class=\"elementor-element elementor-element-8a06907 elementor-widget__width-initial elementor-widget elementor-widget-diteck-contactform\" data-id=\"8a06907\" data-element_type=\"widget\" data-widget_type=\"diteck-contactform.default\">\n\t\t\t\t<div class=\"elementor-widget-container\">\n\t\t\t\t\t\n<div class=\"wpcf7 no-js\" id=\"wpcf7-f5048-o1\" lang=\"en-US\" dir=\"ltr\" data-wpcf7-id=\"5048\">\n<div class=\"screen-reader-response\"><p role=\"status\" aria-live=\"polite\" aria-atomic=\"true\"><\/p> <ul><\/ul><\/div>\n<form action=\"\/en\/wp-json\/wp\/v2\/pages\/2375#wpcf7-f5048-o1\" method=\"post\" class=\"wpcf7-form init\" aria-label=\"Contact form\" novalidate=\"novalidate\" data-status=\"init\" data-trp-original-action=\"\/en\/wp-json\/wp\/v2\/pages\/2375#wpcf7-f5048-o1\">\n<fieldset class=\"hidden-fields-container\"><input type=\"hidden\" name=\"_wpcf7\" value=\"5048\" \/><input type=\"hidden\" name=\"_wpcf7_version\" value=\"6.1\" \/><input type=\"hidden\" name=\"_wpcf7_locale\" value=\"en_US\" \/><input type=\"hidden\" name=\"_wpcf7_unit_tag\" value=\"wpcf7-f5048-o1\" \/><input type=\"hidden\" name=\"_wpcf7_container_post\" value=\"0\" \/><input type=\"hidden\" name=\"_wpcf7_posted_data_hash\" value=\"\" \/>\n<\/fieldset>\n<div class=\"row\">\n\t<div class=\"column-50\">\n\t\t<p><span class=\"wpcf7-form-control-wrap\" data-name=\"name\"><input size=\"40\" maxlength=\"400\" class=\"wpcf7-form-control wpcf7-text wpcf7-validates-as-required\" autocomplete=\"name\" aria-required=\"true\" aria-invalid=\"false\" placeholder=\"Name\" value=\"\" type=\"text\" name=\"name\" \/><\/span>\n\t\t<\/p>\n\t<\/div>\n\t<div class=\"column-50\">\n\t\t<p><span class=\"wpcf7-form-control-wrap\" data-name=\"surname\"><input size=\"40\" maxlength=\"400\" class=\"wpcf7-form-control wpcf7-text wpcf7-validates-as-required\" autocomplete=\"name\" aria-required=\"true\" aria-invalid=\"false\" placeholder=\"Surname\" value=\"\" type=\"text\" name=\"surname\" \/><\/span>\n\t\t<\/p>\n\t<\/div>\n\t<div class=\"column-50\">\n\t\t<p><span class=\"wpcf7-form-control-wrap\" data-name=\"your-tel\"><input size=\"40\" maxlength=\"400\" class=\"wpcf7-form-control wpcf7-tel wpcf7-validates-as-required wpcf7-text wpcf7-validates-as-tel\" autocomplete=\"tel\" aria-required=\"true\" aria-invalid=\"false\" placeholder=\"Phone Number\" value=\"\" type=\"tel\" name=\"your-tel\" \/><\/span>\n\t\t<\/p>\n\t<\/div>\n\t<div class=\"column-50\">\n\t\t<p><span class=\"wpcf7-form-control-wrap\" data-name=\"your-email\"><input size=\"40\" maxlength=\"400\" class=\"wpcf7-form-control wpcf7-email wpcf7-validates-as-required wpcf7-text wpcf7-validates-as-email\" autocomplete=\"email\" aria-required=\"true\" aria-invalid=\"false\" placeholder=\"Email Address\" value=\"\" type=\"email\" name=\"your-email\" \/><\/span>\n\t\t<\/p>\n\t<\/div>\n\t<div class=\"column-50\">\n\t\t<p><span class=\"wpcf7-form-control-wrap\" data-name=\"service\"><select class=\"wpcf7-form-control wpcf7-select\" aria-invalid=\"false\" name=\"service\"><option value=\"Tam Kapsaml\u0131 Destek\">Full Comprehensive Support<\/option><option value=\"Web Tasar\u0131m\">Web Design<\/option><option value=\"E-Ticaret \u00c7\u00f6z\u00fcmleri\">E-Commerce Solutions<\/option><option value=\"\u00c7ekim Prod\u00fcksiyon\">Production<\/option><option value=\"Sosyal Medya Y\u00f6netimi\">Social Media Management<\/option><option value=\"Reklam Y\u00f6netimi\">Ads Management<\/option><option value=\"Marka Dan\u0131\u015fmanl\u0131\u011f\u0131\">Brand Consultancy<\/option><\/select><\/span>\n\t\t<\/p>\n\t<\/div>\n\t<div class=\"column-100\">\n\t\t<p><span class=\"wpcf7-form-control-wrap\" data-name=\"your-message\"><textarea cols=\"40\" rows=\"6\" maxlength=\"2000\" class=\"wpcf7-form-control wpcf7-textarea\" aria-invalid=\"false\" placeholder=\"Mesaj\u0131n\u0131z\" name=\"your-message\"><\/textarea><\/span>\n\t\t<\/p>\n\t<\/div>\n\t<div class=\"column-100\">\n\t\t<div class=\"submit-btn\">\n\t\t\t<p><input class=\"wpcf7-form-control wpcf7-submit has-spinner\" type=\"submit\" value=\"Send\" \/>\n\t\t\t<\/p>\n\t\t<\/div>\n\t<\/div>\n<\/div><div class=\"wpcf7-response-output\" aria-hidden=\"true\"><\/div>\n<input type=\"hidden\" name=\"trp-form-language\" value=\"en\"\/><\/form>\n<\/div>\n\t\t\t\t<\/div>\n\t\t\t\t<\/div>\n\t\t\t\t<\/div>\n\t\t\t\t\t<\/div>\n\t\t\t\t<\/div>\n\t\t\t\t<\/div>","protected":false},"excerpt":{"rendered":"<p>\u0130leti\u015fim Yeni Website \u00dcniversite Mah. S\u0131hhiye Sok. No:7\/B Avc\u0131lar\/\u0130stanbul 0 (533) 693 62 82 info@yeniwebsite.com Bize Ula\u015f\u0131n Projeniz \u0130\u00e7in Haz\u0131r\u0131z,Ya Siz? Tam Kapsaml\u0131 DestekWeb Tasar\u0131mE-Ticaret \u00c7\u00f6z\u00fcmleri\u00c7ekim Prod\u00fcksiyonSosyal Medya Y\u00f6netimiReklam Y\u00f6netimiMarka Dan\u0131\u015fmanl\u0131\u011f\u0131<\/p>","protected":false},"author":1,"featured_media":8023,"parent":0,"menu_order":0,"comment_status":"closed","ping_status":"closed","template":"template-homepage.php","meta":{"footnotes":""},"class_list":["post-2375","page","type-page","status-publish","has-post-thumbnail","hentry"],"yoast_head":"<!-- This site is optimized with the Yoast SEO Premium plugin v26.3 (Yoast SEO v26.3) - https:\/\/yoast.com\/wordpress\/plugins\/seo\/ -->\n<title>\u0130leti\u015fim - Yeni Website<\/title>\n<meta name=\"robots\" content=\"index, follow, max-snippet:-1, max-image-preview:large, max-video-preview:-1\" \/>\n<link rel=\"canonical\" href=\"https:\/\/yeniwebsite.com\/en\/contact\/\" \/>\n<meta property=\"og:locale\" content=\"en_US\" \/>\n<meta property=\"og:type\" content=\"article\" \/>\n<meta property=\"og:title\" content=\"\u0130leti\u015fim\" \/>\n<meta property=\"og:description\" content=\"\u0130leti\u015fim Yeni Website \u00dcniversite Mah. S\u0131hhiye Sok. No:7\/B Avc\u0131lar\/\u0130stanbul 0 (533) 693 62 82 info@yeniwebsite.com Bize Ula\u015f\u0131n Projeniz \u0130\u00e7in Haz\u0131r\u0131z,Ya Siz? Tam Kapsaml\u0131 DestekWeb Tasar\u0131mE-Ticaret \u00c7\u00f6z\u00fcmleri\u00c7ekim Prod\u00fcksiyonSosyal Medya Y\u00f6netimiReklam Y\u00f6netimiMarka Dan\u0131\u015fmanl\u0131\u011f\u0131\" \/>\n<meta property=\"og:url\" content=\"https:\/\/yeniwebsite.com\/en\/contact\/\" \/>\n<meta property=\"og:site_name\" content=\"Yeni Website\" \/>\n<meta property=\"article:modified_time\" content=\"2025-11-11T14:27:52+00:00\" \/>\n<meta property=\"og:image\" content=\"https:\/\/yeniwebsite.com\/wp-content\/uploads\/2025\/11\/Yeni_web_site_banner_19.webp\" \/>\n\t<meta property=\"og:image:width\" content=\"1920\" \/>\n\t<meta property=\"og:image:height\" content=\"600\" \/>\n\t<meta property=\"og:image:type\" content=\"image\/webp\" \/>\n<meta name=\"twitter:card\" content=\"summary_large_image\" \/>\n<script type=\"application\/ld+json\" class=\"yoast-schema-graph\">{\"@context\":\"https:\/\/schema.org\",\"@graph\":[{\"@type\":\"WebPage\",\"@id\":\"https:\/\/yeniwebsite.com\/iletisim\/\",\"url\":\"https:\/\/yeniwebsite.com\/iletisim\/\",\"name\":\"\u0130leti\u015fim - Yeni Website\",\"isPartOf\":{\"@id\":\"https:\/\/yeniwebsite.com\/#website\"},\"primaryImageOfPage\":{\"@id\":\"https:\/\/yeniwebsite.com\/iletisim\/#primaryimage\"},\"image\":{\"@id\":\"https:\/\/yeniwebsite.com\/iletisim\/#primaryimage\"},\"thumbnailUrl\":\"https:\/\/yeniwebsite.com\/wp-content\/uploads\/2025\/11\/Yeni_web_site_banner_19.webp\",\"datePublished\":\"2024-11-29T04:20:23+00:00\",\"dateModified\":\"2025-11-11T14:27:52+00:00\",\"breadcrumb\":{\"@id\":\"https:\/\/yeniwebsite.com\/iletisim\/#breadcrumb\"},\"inLanguage\":\"en-US\",\"potentialAction\":[{\"@type\":\"ReadAction\",\"target\":[\"https:\/\/yeniwebsite.com\/iletisim\/\"]}]},{\"@type\":\"ImageObject\",\"inLanguage\":\"en-US\",\"@id\":\"https:\/\/yeniwebsite.com\/iletisim\/#primaryimage\",\"url\":\"https:\/\/yeniwebsite.com\/wp-content\/uploads\/2025\/11\/Yeni_web_site_banner_19.webp\",\"contentUrl\":\"https:\/\/yeniwebsite.com\/wp-content\/uploads\/2025\/11\/Yeni_web_site_banner_19.webp\",\"width\":1920,\"height\":600},{\"@type\":\"BreadcrumbList\",\"@id\":\"https:\/\/yeniwebsite.com\/iletisim\/#breadcrumb\",\"itemListElement\":[{\"@type\":\"ListItem\",\"position\":1,\"name\":\"Home\",\"item\":\"https:\/\/yeniwebsite.com\/\"},{\"@type\":\"ListItem\",\"position\":2,\"name\":\"\u0130leti\u015fim\"}]},{\"@type\":\"WebSite\",\"@id\":\"https:\/\/yeniwebsite.com\/#website\",\"url\":\"https:\/\/yeniwebsite.com\/\",\"name\":\"Yeni Website\",\"description\":\"\",\"publisher\":{\"@id\":\"https:\/\/yeniwebsite.com\/#organization\"},\"potentialAction\":[{\"@type\":\"SearchAction\",\"target\":{\"@type\":\"EntryPoint\",\"urlTemplate\":\"https:\/\/yeniwebsite.com\/?s={search_term_string}\"},\"query-input\":{\"@type\":\"PropertyValueSpecification\",\"valueRequired\":true,\"valueName\":\"search_term_string\"}}],\"inLanguage\":\"en-US\"},{\"@type\":\"Organization\",\"@id\":\"https:\/\/yeniwebsite.com\/#organization\",\"name\":\"Yeni Website\",\"url\":\"https:\/\/yeniwebsite.com\/\",\"logo\":{\"@type\":\"ImageObject\",\"inLanguage\":\"en-US\",\"@id\":\"https:\/\/yeniwebsite.com\/#\/schema\/logo\/image\/\",\"url\":\"https:\/\/yeniwebsite.com\/wp-content\/uploads\/2025\/07\/yeniwebsite.png\",\"contentUrl\":\"https:\/\/yeniwebsite.com\/wp-content\/uploads\/2025\/07\/yeniwebsite.png\",\"width\":155,\"height\":30,\"caption\":\"Yeni Website\"},\"image\":{\"@id\":\"https:\/\/yeniwebsite.com\/#\/schema\/logo\/image\/\"}}]}<\/script>\n<!-- \/ Yoast SEO Premium plugin. -->","yoast_head_json":{"title":"Contact - Yeni Website","robots":{"index":"index","follow":"follow","max-snippet":"max-snippet:-1","max-image-preview":"max-image-preview:large","max-video-preview":"max-video-preview:-1"},"canonical":"https:\/\/yeniwebsite.com\/en\/contact\/","og_locale":"en_US","og_type":"article","og_title":"\u0130leti\u015fim","og_description":"\u0130leti\u015fim Yeni Website \u00dcniversite Mah. S\u0131hhiye Sok. No:7\/B Avc\u0131lar\/\u0130stanbul 0 (533) 693 62 82 info@yeniwebsite.com Bize Ula\u015f\u0131n Projeniz \u0130\u00e7in Haz\u0131r\u0131z,Ya Siz? Tam Kapsaml\u0131 DestekWeb Tasar\u0131mE-Ticaret \u00c7\u00f6z\u00fcmleri\u00c7ekim Prod\u00fcksiyonSosyal Medya Y\u00f6netimiReklam Y\u00f6netimiMarka Dan\u0131\u015fmanl\u0131\u011f\u0131","og_url":"https:\/\/yeniwebsite.com\/en\/contact\/","og_site_name":"Yeni Website","article_modified_time":"2025-11-11T14:27:52+00:00","og_image":[{"width":1920,"height":600,"url":"https:\/\/yeniwebsite.com\/wp-content\/uploads\/2025\/11\/Yeni_web_site_banner_19.webp","type":"image\/webp"}],"twitter_card":"summary_large_image","schema":{"@context":"https:\/\/schema.org","@graph":[{"@type":"WebPage","@id":"https:\/\/yeniwebsite.com\/iletisim\/","url":"https:\/\/yeniwebsite.com\/iletisim\/","name":"Contact - Yeni Website","isPartOf":{"@id":"https:\/\/yeniwebsite.com\/#website"},"primaryImageOfPage":{"@id":"https:\/\/yeniwebsite.com\/iletisim\/#primaryimage"},"image":{"@id":"https:\/\/yeniwebsite.com\/iletisim\/#primaryimage"},"thumbnailUrl":"https:\/\/yeniwebsite.com\/wp-content\/uploads\/2025\/11\/Yeni_web_site_banner_19.webp","datePublished":"2024-11-29T04:20:23+00:00","dateModified":"2025-11-11T14:27:52+00:00","breadcrumb":{"@id":"https:\/\/yeniwebsite.com\/iletisim\/#breadcrumb"},"inLanguage":"en-US","potentialAction":[{"@type":"ReadAction","target":["https:\/\/yeniwebsite.com\/iletisim\/"]}]},{"@type":"ImageObject","inLanguage":"en-US","@id":"https:\/\/yeniwebsite.com\/iletisim\/#primaryimage","url":"https:\/\/yeniwebsite.com\/wp-content\/uploads\/2025\/11\/Yeni_web_site_banner_19.webp","contentUrl":"https:\/\/yeniwebsite.com\/wp-content\/uploads\/2025\/11\/Yeni_web_site_banner_19.webp","width":1920,"height":600},{"@type":"BreadcrumbList","@id":"https:\/\/yeniwebsite.com\/iletisim\/#breadcrumb","itemListElement":[{"@type":"ListItem","position":1,"name":"Home","item":"https:\/\/yeniwebsite.com\/"},{"@type":"ListItem","position":2,"name":"\u0130leti\u015fim"}]},{"@type":"WebSite","@id":"https:\/\/yeniwebsite.com\/#website","url":"https:\/\/yeniwebsite.com\/","name":"Yeni Website","description":"","publisher":{"@id":"https:\/\/yeniwebsite.com\/#organization"},"potentialAction":[{"@type":"SearchAction","target":{"@type":"EntryPoint","urlTemplate":"https:\/\/yeniwebsite.com\/?s={search_term_string}"},"query-input":{"@type":"PropertyValueSpecification","valueRequired":true,"valueName":"search_term_string"}}],"inLanguage":"en-US"},{"@type":"Organization","@id":"https:\/\/yeniwebsite.com\/#organization","name":"Yeni Website","url":"https:\/\/yeniwebsite.com\/","logo":{"@type":"ImageObject","inLanguage":"en-US","@id":"https:\/\/yeniwebsite.com\/#\/schema\/logo\/image\/","url":"https:\/\/yeniwebsite.com\/wp-content\/uploads\/2025\/07\/yeniwebsite.png","contentUrl":"https:\/\/yeniwebsite.com\/wp-content\/uploads\/2025\/07\/yeniwebsite.png","width":155,"height":30,"caption":"Yeni Website"},"image":{"@id":"https:\/\/yeniwebsite.com\/#\/schema\/logo\/image\/"}}]}},"_links":{"self":[{"href":"https:\/\/yeniwebsite.com\/en\/wp-json\/wp\/v2\/pages\/2375","targetHints":{"allow":["GET"]}}],"collection":[{"href":"https:\/\/yeniwebsite.com\/en\/wp-json\/wp\/v2\/pages"}],"about":[{"href":"https:\/\/yeniwebsite.com\/en\/wp-json\/wp\/v2\/types\/page"}],"author":[{"embeddable":true,"href":"https:\/\/yeniwebsite.com\/en\/wp-json\/wp\/v2\/users\/1"}],"replies":[{"embeddable":true,"href":"https:\/\/yeniwebsite.com\/en\/wp-json\/wp\/v2\/comments?post=2375"}],"version-history":[{"count":23,"href":"https:\/\/yeniwebsite.com\/en\/wp-json\/wp\/v2\/pages\/2375\/revisions"}],"predecessor-version":[{"id":8280,"href":"https:\/\/yeniwebsite.com\/en\/wp-json\/wp\/v2\/pages\/2375\/revisions\/8280"}],"wp:featuredmedia":[{"embeddable":true,"href":"https:\/\/yeniwebsite.com\/en\/wp-json\/wp\/v2\/media\/8023"}],"wp:attachment":[{"href":"https:\/\/yeniwebsite.com\/en\/wp-json\/wp\/v2\/media?parent=2375"}],"curies":[{"name":"wp","href":"https:\/\/api.w.org\/{rel}","templated":true}]}}